{"id":811,"date":"2025-06-04T15:47:10","date_gmt":"2025-06-04T15:47:10","guid":{"rendered":"https:\/\/pisosjanin.com\/?page_id=811"},"modified":"2025-06-25T15:58:21","modified_gmt":"2025-06-25T15:58:21","slug":"aviso-de-privacidad","status":"publish","type":"page","link":"https:\/\/pisosjanin.com\/index.php\/aviso-de-privacidad\/","title":{"rendered":"Aviso de Privacidad"},"content":{"rendered":"<div class=\"fusion-fullwidth fullwidth-box fusion-builder-row-1 fusion-flex-container has-pattern-background has-mask-background nonhundred-percent-fullwidth non-hundred-percent-height-scrolling\" style=\"--awb-border-radius-top-left:0px;--awb-border-radius-top-right:0px;--awb-border-radius-bottom-right:0px;--awb-border-radius-bottom-left:0px;--awb-flex-wrap:wrap;\" ><div class=\"fusion-builder-row fusion-row fusion-flex-align-items-flex-start fusion-flex-content-wrap\" style=\"max-width:1248px;margin-left: calc(-4% \/ 2 );margin-right: calc(-4% \/ 2 );\"><div class=\"fusion-layout-column fusion_builder_column fusion-builder-column-0 fusion_builder_column_1_1 1_1 fusion-flex-column fusion-animated\" style=\"--awb-bg-size:cover;--awb-width-large:100%;--awb-margin-top-large:0px;--awb-spacing-right-large:1.92%;--awb-margin-bottom-large:20px;--awb-spacing-left-large:1.92%;--awb-width-medium:100%;--awb-order-medium:0;--awb-spacing-right-medium:1.92%;--awb-spacing-left-medium:1.92%;--awb-width-small:100%;--awb-order-small:0;--awb-spacing-right-small:1.92%;--awb-spacing-left-small:1.92%;\" data-animationType=\"fadeInDown\" data-animationDuration=\"1.0\" data-animationOffset=\"top-into-view\" data-scroll-devices=\"small-visibility,medium-visibility,large-visibility\"><div class=\"fusion-column-wrapper fusion-column-has-shadow fusion-flex-justify-content-flex-start fusion-content-layout-column\"><div class=\"fusion-separator fusion-full-width-sep\" style=\"align-self: center;margin-left: auto;margin-right: auto;margin-top:25px;width:100%;\"><\/div><div class=\"fusion-title title fusion-title-1 fusion-sep-none fusion-title-center fusion-title-text fusion-title-size-one\" style=\"--awb-text-color:var(--awb-color4);--awb-font-size:35px;\"><h1 class=\"fusion-title-heading title-heading-center\" style=\"font-family:&quot;Montserrat&quot;;font-style:normal;font-weight:500;margin:0;font-size:1em;letter-spacing:0.015em;text-transform:uppercase;\">Aviso de Privacidad<\/h1><\/div><div class=\"fusion-separator fusion-no-small-visibility fusion-full-width-sep\" style=\"align-self: center;margin-left: auto;margin-right: auto;margin-top:-15px;width:100%;\"><\/div><div class=\"fusion-separator fusion-no-medium-visibility fusion-no-large-visibility fusion-full-width-sep\" style=\"align-self: center;margin-left: auto;margin-right: auto;margin-top:-10px;width:100%;\"><\/div><div class=\"fusion-separator\" style=\"align-self: center;margin-left: auto;margin-right: auto;width:100%;max-width:75px;\"><div class=\"fusion-separator-border sep-single sep-solid\" style=\"--awb-height:20px;--awb-amount:20px;--awb-sep-color:var(--awb-color5);border-color:var(--awb-color5);border-top-width:3px;\"><\/div><\/div><div class=\"fusion-separator fusion-full-width-sep\" style=\"align-self: center;margin-left: auto;margin-right: auto;margin-top:25px;width:100%;\"><\/div><div class=\"fusion-text fusion-text-1\" style=\"--awb-content-alignment:justify;--awb-font-size:16px;--awb-line-height:21px;--awb-text-color:var(--awb-color8);--awb-text-font-family:&quot;Raleway&quot;;--awb-text-font-style:normal;--awb-text-font-weight:400;\"><p>JAN\u2019IN ARTE EN PISOS hace de su conocimiento los t\u00e9rminos y condiciones del trato de los datos personales.<\/p>\n<p><strong>Autorizaci\u00f3n para el tratamiento de la informaci\u00f3n<\/strong><\/p>\n<p>Al consentir estos t\u00e9rminos, el Titular de la informaci\u00f3n autoriza a JAN\u2019IN ARTE EN PISOS a recabar y tratar sus datos personales (por ejemplo nombre, domicilio, tel\u00e9fonos, correo electr\u00f3nico, copias de identificaciones y\/o documentos oficiales, informaci\u00f3n crediticia y\/o financiera, datos bancarios, datos de<br \/>\nfacturaci\u00f3n, etc.) que por su propia voluntad proporciona de manera oral, escrita, por medios f\u00edsicos, electr\u00f3nicos, electromagn\u00e9ticos, visuales, sonoros o cualquier otro, la cual puede incluir datos personales sensibles como lo son: informaci\u00f3n racial, estado de salud, informaci\u00f3n gen\u00e9tica, creencias, religiosas,<br \/>\npol\u00edticas, morales, preferencias sexuales, etc.<\/p>\n<p>As\u00ed mismo, otorga su autorizaci\u00f3n para que JAN\u2019IN ARTE EN PISOS pueda tratar, usar, almacenar y\/o transferir sus datos personales (incluyendo datos sensibles) a terceros, sean nacionales o extranjeros, siempre que los datos sean utilizados para los fines que aqu\u00ed se se\u00f1alan.<\/p>\n<div><strong>Finalidad<\/strong><\/div>\n<div><b>\u2800<\/b><\/div>\n<div>Los datos personales incluyendo los sensibles, ser\u00e1n utilizados \u00fanicamente para cumplir los fines para los cuales fueron proporcionados por su Titular, como pudiera ser: ingresar al padr\u00f3n de proveedores, ingresar al cat\u00e1logo de clientes, para el cumplimiento de obligaciones derivadas de operaciones mercantiles en las que usted es parte como por ejemplo; contratos de servicios o cualquier \u00edndole relacionada con el servicio, registro de cuentas de correo, redes sociales y relacionadas pertinentes a la materia del servicio proporcionado, operaciones financieras, pagos, o bien, para proporcionarle informaci\u00f3n de productos, servicios, promociones, encuestas o avisos que pudieran ser de su inter\u00e9s.<\/div>\n<div><strong><b>\u2800<\/b><\/strong><\/div>\n<div><strong>Protecci\u00f3n de Datos<\/strong><\/div>\n<div><b>\u2800<\/b><\/div>\n<div>JAN\u2019IN ARTE EN PISOS cuenta con los medios f\u00edsicos y digitales para proteger y limitar el uso o divulgaci\u00f3n de su informaci\u00f3n y no obtiene ni almacena informaci\u00f3n de ninguna especie mediante cookies, web beacons o similares durante el acceso a su p\u00e1gina web y no utiliza la informaci\u00f3n de los particulares para fines distintos a los relacionados con sus operaciones comerciales y\/o los arriba se\u00f1alados.<\/div>\n<div><\/div>\n<div>\n<p>Medio para ejercer los derechos relativos a su informaci\u00f3n<br \/>\nEl Titular de la Informaci\u00f3n personal podr\u00e1 en cualquier momento ejercer los derechos de acceso, rectificaci\u00f3n, cancelaci\u00f3n u oposici\u00f3n de sus datos (ARCO), o bien, revocar el consentimiento que nos ha otorgado para el tratamiento de sus datos personales, a fin de que dejemos de hacer uso de los mismos. Para ello, es necesario que presente una solicitud por escrito dirigida a JAN\u2019IN ARTE EN PISOS, en el domicilio aqu\u00ed establecido, debiendo se\u00f1alar en la misma, domicilio y\/o correo electr\u00f3nico para recibir notificaciones, documentos que acrediten su identidad, descripci\u00f3n clara y precisa de los datos personales, el objeto de la solicitud y anexar copia de los documentos o elementos en que sustente su petici\u00f3n. JAN\u2019IN ARTE EN PISOS comunicar\u00e1 la respuesta en un plazo de 20 d\u00edas contados a partir de la recepci\u00f3n de la solicitud y la respuesta se notificar\u00e1 al Titular por el medio se\u00f1alado en la misma.<\/p>\n<p><strong>Modificaciones<\/strong><\/p>\n<p>Cualquier modificaci\u00f3n a los t\u00e9rminos del Aviso de Privacidad se dar\u00e1 a conocer por medio del portal <strong>www.ejemplo.com<\/strong> y al no presentar oposici\u00f3n alguna dentro del t\u00e9rmino de 5 d\u00edas posteriores a la modificaci\u00f3n, se entiende que el Titular de la informaci\u00f3n consiente y est\u00e1 de acuerdo con los nuevos t\u00e9rminos.<\/p>\n<p><strong>Consentimiento<\/strong><\/p>\n<p>Al proporcionar informaci\u00f3n personal y sensible de manera f\u00edsica, electr\u00f3nica o por cualquier medio, usted declara que ha le\u00eddo el presente Aviso de Privacidad y entiende el alcance y contenido del mismo, y al no manifestar oposici\u00f3n por escrito ante la empresa referida, expresa su entera conformidad con los t\u00e9rminos y autorizaciones aqu\u00ed contenidas. Si usted no est\u00e1 de acuerdo con los t\u00e9rminos se\u00f1alados en este aviso, no ingrese ni proporcione sus datos personales por ning\u00fan medio.<\/p>\n<p><strong>Contacto<\/strong><\/p>\n<p>JAN\u2019IN ARTE EN PISOS se\u00f1ala como domicilio para efectos de este aviso el ubicado en Av. de las Fuentes de Sat\u00e9lite 144, Local 1C, Col Jardines de Sat\u00e9lite, Naucalpan de Ju\u00e1rez, Edo. De M\u00e9xico, C.P. 53129.<\/p>\n<p>Contacto: Atenci\u00f3n a clientes, \u00c1rea de Administraci\u00f3n y Trato de Datos Personales.<\/p>\n<p>Tel: <a href=\"tel:+525585509510\"><strong>(55) 8550-9510<\/strong><\/a><br \/>\nEmail: <a href=\"mailto:jan.in.artenpisos@gmail.com\"><strong>jan.in.artenpisos@gmail.com<\/strong><\/a><\/p>\n<\/div>\n<\/div><div style=\"text-align:center;\"><a class=\"fusion-button button-flat button-large button-custom fusion-button-default button-1 fusion-button-default-span fusion-button-default-type\" style=\"--button_accent_color:var(--awb-color5);--button_border_color:var(--awb-color5);--button_accent_hover_color:var(--awb-color1);--button_border_hover_color:rgba(255,255,255,0);--button_border_width-top:1px;--button_border_width-right:1px;--button_border_width-bottom:1px;--button_border_width-left:1px;--button_gradient_top_color:rgba(255,255,255,0);--button_gradient_bottom_color:rgba(255,255,255,0);--button_gradient_top_color_hover:var(--awb-color5);--button_gradient_bottom_color_hover:var(--awb-color5);--button_typography-letter-spacing:0.025em;--button_typography-font-family:&quot;Raleway&quot;;--button_typography-font-style:normal;--button_typography-font-weight:600;\" target=\"_self\" data-hover=\"bg_slide_right\" href=\"https:\/\/pisosjanin.com\/\"><span class=\"fusion-button-text\">Regresar<\/span><\/a><\/div><div class=\"fusion-separator fusion-full-width-sep\" style=\"align-self: center;margin-left: auto;margin-right: auto;margin-top:25px;width:100%;\"><\/div><\/div><\/div><\/div><\/div>\n","protected":false},"excerpt":{"rendered":"","protected":false},"author":1,"featured_media":0,"parent":0,"menu_order":0,"comment_status":"closed","ping_status":"closed","template":"100-width.php","meta":{"footnotes":""},"class_list":["post-811","page","type-page","status-publish","hentry"],"_links":{"self":[{"href":"https:\/\/pisosjanin.com\/index.php\/wp-json\/wp\/v2\/pages\/811","targetHints":{"allow":["GET"]}}],"collection":[{"href":"https:\/\/pisosjanin.com\/index.php\/wp-json\/wp\/v2\/pages"}],"about":[{"href":"https:\/\/pisosjanin.com\/index.php\/wp-json\/wp\/v2\/types\/page"}],"author":[{"embeddable":true,"href":"https:\/\/pisosjanin.com\/index.php\/wp-json\/wp\/v2\/users\/1"}],"replies":[{"embeddable":true,"href":"https:\/\/pisosjanin.com\/index.php\/wp-json\/wp\/v2\/comments?post=811"}],"version-history":[{"count":10,"href":"https:\/\/pisosjanin.com\/index.php\/wp-json\/wp\/v2\/pages\/811\/revisions"}],"predecessor-version":[{"id":964,"href":"https:\/\/pisosjanin.com\/index.php\/wp-json\/wp\/v2\/pages\/811\/revisions\/964"}],"wp:attachment":[{"href":"https:\/\/pisosjanin.com\/index.php\/wp-json\/wp\/v2\/media?parent=811"}],"curies":[{"name":"wp","href":"https:\/\/api.w.org\/{rel}","templated":true}]}}