{"id":532,"date":"2025-05-28T19:46:04","date_gmt":"2025-05-28T19:46:04","guid":{"rendered":"https:\/\/pisosjanin.com\/?post_type=product&#038;p=532"},"modified":"2025-06-11T16:00:05","modified_gmt":"2025-06-11T16:00:05","slug":"angulo-esquinero-qo","status":"publish","type":"product","link":"https:\/\/pisosjanin.com\/index.php\/producto\/angulo-esquinero-qo\/","title":{"rendered":"\u00c1ngulo Esquinero QO"},"content":{"rendered":"<p>Producto dise\u00f1ado para brindar la m\u00e1xima est\u00e9tica a tus proyectos residenciales o comerciales, que permite cubrir de esquina a esquina las instalaciones realizadas con plaf\u00f3n o deck para evitar escurrimientos y deterioro de perfil.<\/p>\n","protected":false},"excerpt":{"rendered":"<table style=\"height: 385px;\" width=\"395\">\n<tbody>\n<tr>\n<td><img decoding=\"async\" class=\"alignnone wp-image-100\" src=\"https:\/\/pisosjanin.com\/wp-content\/uploads\/2025\/02\/Icono-Producto-Tamano-001.png\" alt=\"\" width=\"35\" height=\"35\" srcset=\"https:\/\/pisosjanin.com\/wp-content\/uploads\/2025\/02\/Icono-Producto-Tamano-001-66x66.png 66w, https:\/\/pisosjanin.com\/wp-content\/uploads\/2025\/02\/Icono-Producto-Tamano-001.png 150w\" sizes=\"(max-width: 35px) 100vw, 35px\" \/><\/td>\n<td><strong>Tama\u00f1o:<br \/>\n<\/strong>5 cm X 5 cm X 2.90 m<\/td>\n<\/tr>\n<tr>\n<td style=\"text-align: left;\"><img decoding=\"async\" class=\"alignnone wp-image-103\" src=\"https:\/\/pisosjanin.com\/wp-content\/uploads\/2025\/02\/Icono-Producto-Colores-001.png\" alt=\"\" width=\"35\" height=\"35\" srcset=\"https:\/\/pisosjanin.com\/wp-content\/uploads\/2025\/02\/Icono-Producto-Colores-001-66x66.png 66w, https:\/\/pisosjanin.com\/wp-content\/uploads\/2025\/02\/Icono-Producto-Colores-001.png 150w\" sizes=\"(max-width: 35px) 100vw, 35px\" \/><\/td>\n<td style=\"text-align: left;\"><strong>Colores:<br \/>\n<\/strong>Teka, Ipe y Antique<\/td>\n<\/tr>\n<tr>\n<td><img decoding=\"async\" class=\"alignnone wp-image-485\" src=\"https:\/\/pisosjanin.com\/wp-content\/uploads\/2025\/05\/Icono-Producto-Material-001.png\" alt=\"\" width=\"35\" height=\"35\" srcset=\"https:\/\/pisosjanin.com\/wp-content\/uploads\/2025\/05\/Icono-Producto-Material-001-66x66.png 66w, https:\/\/pisosjanin.com\/wp-content\/uploads\/2025\/05\/Icono-Producto-Material-001.png 150w\" sizes=\"(max-width: 35px) 100vw, 35px\" \/><\/td>\n<td><strong>Material:<\/strong><br \/>\nDeck Sint\u00e9tico<\/td>\n<\/tr>\n<tr>\n<td><img decoding=\"async\" class=\"alignnone wp-image-484\" src=\"https:\/\/pisosjanin.com\/wp-content\/uploads\/2025\/05\/Icono-Producto-Caja-001.png\" alt=\"\" width=\"35\" height=\"35\" srcset=\"https:\/\/pisosjanin.com\/wp-content\/uploads\/2025\/05\/Icono-Producto-Caja-001-66x66.png 66w, https:\/\/pisosjanin.com\/wp-content\/uploads\/2025\/05\/Icono-Producto-Caja-001.png 150w\" sizes=\"(max-width: 35px) 100vw, 35px\" \/><\/td>\n<td><strong>Caja:<\/strong><br \/>\nN\/A<\/td>\n<\/tr>\n<tr>\n<td><img decoding=\"async\" class=\"alignnone wp-image-486\" src=\"https:\/\/pisosjanin.com\/wp-content\/uploads\/2025\/05\/Icono-Producto-Peso-001.png\" alt=\"\" width=\"35\" height=\"35\" srcset=\"https:\/\/pisosjanin.com\/wp-content\/uploads\/2025\/05\/Icono-Producto-Peso-001-66x66.png 66w, https:\/\/pisosjanin.com\/wp-content\/uploads\/2025\/05\/Icono-Producto-Peso-001.png 150w\" sizes=\"(max-width: 35px) 100vw, 35px\" \/><\/td>\n<td><strong>Peso:<\/strong><br \/>\nCada tabla equivale a 2.03 kg<\/td>\n<\/tr>\n<tr>\n<td><img decoding=\"async\" class=\"alignnone wp-image-483\" src=\"https:\/\/pisosjanin.com\/wp-content\/uploads\/2025\/05\/Icono-Producto-Ambiente-001.png\" alt=\"\" width=\"35\" height=\"35\" srcset=\"https:\/\/pisosjanin.com\/wp-content\/uploads\/2025\/05\/Icono-Producto-Ambiente-001-66x66.png 66w, https:\/\/pisosjanin.com\/wp-content\/uploads\/2025\/05\/Icono-Producto-Ambiente-001.png 150w\" sizes=\"(max-width: 35px) 100vw, 35px\" \/><\/td>\n<td><strong>Ambiente:<\/strong><br \/>\nAmigable con el medio ambiente<\/td>\n<\/tr>\n<\/tbody>\n<\/table>\n<table style=\"height: 60px;\" border=\"0\" width=\"500\">\n<tbody>\n<tr>\n<td width=\"70\" height=\"70\">[fusion_button link=\"https:\/\/pisosjanin.com\/index.php\/contacto\/\" title=\"\" target=\"_self\" link_attributes=\"\" alignment=\"left\" modal=\"\" hide_on_mobile=\"small-visibility,medium-visibility,large-visibility\" class=\"\" id=\"\" color=\"default\" button_gradient_top_color=\"\" button_gradient_bottom_color=\"\" button_gradient_top_color_hover=\"\" button_gradient_bottom_color_hover=\"\" accent_color=\"\" accent_hover_color=\"\" type=\"\" bevel_color=\"\" border_width=\"\" size=\"medium\" stretch=\"no\" shape=\"\" icon=\"\" icon_position=\"left\" icon_divider=\"no\" animation_type=\"\" animation_direction=\"left\" animation_speed=\"0.3\" animation_offset=\"\"]Cotizar Ahora[\/fusion_button]<\/td>\n<td width=\"70\"><\/td>\n<\/tr>\n<\/tbody>\n<\/table>\n","protected":false},"featured_media":533,"template":"","meta":[],"product_brand":[],"product_cat":[28],"product_tag":[],"class_list":{"0":"post-532","1":"product","2":"type-product","3":"status-publish","4":"has-post-thumbnail","6":"product_cat-lambrines-exteriores","8":"first","9":"instock","10":"shipping-taxable","11":"purchasable","12":"product-type-variable"},"_links":{"self":[{"href":"https:\/\/pisosjanin.com\/index.php\/wp-json\/wp\/v2\/product\/532","targetHints":{"allow":["GET"]}}],"collection":[{"href":"https:\/\/pisosjanin.com\/index.php\/wp-json\/wp\/v2\/product"}],"about":[{"href":"https:\/\/pisosjanin.com\/index.php\/wp-json\/wp\/v2\/types\/product"}],"wp:featuredmedia":[{"embeddable":true,"href":"https:\/\/pisosjanin.com\/index.php\/wp-json\/wp\/v2\/media\/533"}],"wp:attachment":[{"href":"https:\/\/pisosjanin.com\/index.php\/wp-json\/wp\/v2\/media?parent=532"}],"wp:term":[{"taxonomy":"product_brand","embeddable":true,"href":"https:\/\/pisosjanin.com\/index.php\/wp-json\/wp\/v2\/product_brand?post=532"},{"taxonomy":"product_cat","embeddable":true,"href":"https:\/\/pisosjanin.com\/index.php\/wp-json\/wp\/v2\/product_cat?post=532"},{"taxonomy":"product_tag","embeddable":true,"href":"https:\/\/pisosjanin.com\/index.php\/wp-json\/wp\/v2\/product_tag?post=532"}],"curies":[{"name":"wp","href":"https:\/\/api.w.org\/{rel}","templated":true}]}}