{"id":678,"date":"2025-06-02T18:26:37","date_gmt":"2025-06-02T18:26:37","guid":{"rendered":"https:\/\/pisosjanin.com\/?post_type=product&#038;p=678"},"modified":"2025-06-11T16:05:01","modified_gmt":"2025-06-11T16:05:01","slug":"indoor-marmol-pvc-mate","status":"publish","type":"product","link":"https:\/\/pisosjanin.com\/index.php\/producto\/indoor-marmol-pvc-mate\/","title":{"rendered":"Indoor M\u00e1rmol PVC Mate"},"content":{"rendered":"<p>Perfil de importaci\u00f3n, tabla de WPC interior, para decoraci\u00f3n de muros y plafones.<\/p>\n","protected":false},"excerpt":{"rendered":"<table style=\"height: 385px;\" width=\"485\">\n<tbody>\n<tr>\n<td><img decoding=\"async\" class=\"alignnone wp-image-100\" src=\"https:\/\/pisosjanin.com\/wp-content\/uploads\/2025\/02\/Icono-Producto-Tamano-001.png\" alt=\"\" width=\"35\" height=\"35\" srcset=\"https:\/\/pisosjanin.com\/wp-content\/uploads\/2025\/02\/Icono-Producto-Tamano-001-66x66.png 66w, https:\/\/pisosjanin.com\/wp-content\/uploads\/2025\/02\/Icono-Producto-Tamano-001.png 150w\" sizes=\"(max-width: 35px) 100vw, 35px\" \/><\/td>\n<td><strong>Tama\u00f1o:<br \/>\n<\/strong>5 mm X 12.2 m X 2.44 m<\/td>\n<\/tr>\n<tr>\n<td style=\"text-align: left;\"><img decoding=\"async\" class=\"alignnone wp-image-103\" src=\"https:\/\/pisosjanin.com\/wp-content\/uploads\/2025\/02\/Icono-Producto-Colores-001.png\" alt=\"\" width=\"35\" height=\"35\" srcset=\"https:\/\/pisosjanin.com\/wp-content\/uploads\/2025\/02\/Icono-Producto-Colores-001-66x66.png 66w, https:\/\/pisosjanin.com\/wp-content\/uploads\/2025\/02\/Icono-Producto-Colores-001.png 150w\" sizes=\"(max-width: 35px) 100vw, 35px\" \/><\/td>\n<td style=\"text-align: left;\"><strong>Colores:<br \/>\n<\/strong>Blanco Mate, Blanco Brilloso, Negro Mate,<br \/>\nNegro Brilloso, Gris Mate y Gris Brilloso<\/td>\n<\/tr>\n<tr>\n<td><img decoding=\"async\" class=\"alignnone wp-image-485\" src=\"https:\/\/pisosjanin.com\/wp-content\/uploads\/2025\/05\/Icono-Producto-Material-001.png\" alt=\"\" width=\"35\" height=\"35\" srcset=\"https:\/\/pisosjanin.com\/wp-content\/uploads\/2025\/05\/Icono-Producto-Material-001-66x66.png 66w, https:\/\/pisosjanin.com\/wp-content\/uploads\/2025\/05\/Icono-Producto-Material-001.png 150w\" sizes=\"(max-width: 35px) 100vw, 35px\" \/><\/td>\n<td><strong>Material:<\/strong><br \/>\nM\u00e1rmol PVC<\/td>\n<\/tr>\n<tr>\n<td><img decoding=\"async\" class=\"alignnone wp-image-484\" src=\"https:\/\/pisosjanin.com\/wp-content\/uploads\/2025\/05\/Icono-Producto-Caja-001.png\" alt=\"\" width=\"35\" height=\"35\" srcset=\"https:\/\/pisosjanin.com\/wp-content\/uploads\/2025\/05\/Icono-Producto-Caja-001-66x66.png 66w, https:\/\/pisosjanin.com\/wp-content\/uploads\/2025\/05\/Icono-Producto-Caja-001.png 150w\" sizes=\"(max-width: 35px) 100vw, 35px\" \/><\/td>\n<td><strong>Caja:<\/strong><br \/>\nCada pieza equivale a 2.9768 m\u00b2<\/td>\n<\/tr>\n<tr>\n<td><img decoding=\"async\" class=\"alignnone wp-image-486\" src=\"https:\/\/pisosjanin.com\/wp-content\/uploads\/2025\/05\/Icono-Producto-Peso-001.png\" alt=\"\" width=\"35\" height=\"35\" srcset=\"https:\/\/pisosjanin.com\/wp-content\/uploads\/2025\/05\/Icono-Producto-Peso-001-66x66.png 66w, https:\/\/pisosjanin.com\/wp-content\/uploads\/2025\/05\/Icono-Producto-Peso-001.png 150w\" sizes=\"(max-width: 35px) 100vw, 35px\" \/><\/td>\n<td><strong>Peso:<\/strong><br \/>\nCada tabla equivale a 31 kg<\/td>\n<\/tr>\n<tr>\n<td><img decoding=\"async\" class=\"alignnone wp-image-483\" src=\"https:\/\/pisosjanin.com\/wp-content\/uploads\/2025\/05\/Icono-Producto-Ambiente-001.png\" alt=\"\" width=\"35\" height=\"35\" srcset=\"https:\/\/pisosjanin.com\/wp-content\/uploads\/2025\/05\/Icono-Producto-Ambiente-001-66x66.png 66w, https:\/\/pisosjanin.com\/wp-content\/uploads\/2025\/05\/Icono-Producto-Ambiente-001.png 150w\" sizes=\"(max-width: 35px) 100vw, 35px\" \/><\/td>\n<td><strong>Ambiente:<\/strong><br \/>\nAmigable con el medio ambiente<\/td>\n<\/tr>\n<\/tbody>\n<\/table>\n<table style=\"height: 60px;\" border=\"0\" width=\"500\">\n<tbody>\n<tr>\n<td width=\"70\" height=\"70\">[fusion_button link=\"https:\/\/pisosjanin.com\/index.php\/contacto\/\" title=\"\" target=\"_self\" link_attributes=\"\" alignment=\"left\" modal=\"\" hide_on_mobile=\"small-visibility,medium-visibility,large-visibility\" class=\"\" id=\"\" color=\"default\" button_gradient_top_color=\"\" button_gradient_bottom_color=\"\" button_gradient_top_color_hover=\"\" button_gradient_bottom_color_hover=\"\" accent_color=\"\" accent_hover_color=\"\" type=\"\" bevel_color=\"\" border_width=\"\" size=\"medium\" stretch=\"no\" shape=\"\" icon=\"\" icon_position=\"left\" icon_divider=\"no\" animation_type=\"\" animation_direction=\"left\" animation_speed=\"0.3\" animation_offset=\"\"]Cotizar Ahora[\/fusion_button]<\/td>\n<td width=\"70\"><\/td>\n<\/tr>\n<\/tbody>\n<\/table>\n","protected":false},"featured_media":685,"template":"","meta":[],"product_brand":[],"product_cat":[29],"product_tag":[],"class_list":{"0":"post-678","1":"product","2":"type-product","3":"status-publish","4":"has-post-thumbnail","6":"product_cat-lambrines-interiores","8":"first","9":"instock","10":"shipping-taxable","11":"purchasable","12":"product-type-variable"},"_links":{"self":[{"href":"https:\/\/pisosjanin.com\/index.php\/wp-json\/wp\/v2\/product\/678","targetHints":{"allow":["GET"]}}],"collection":[{"href":"https:\/\/pisosjanin.com\/index.php\/wp-json\/wp\/v2\/product"}],"about":[{"href":"https:\/\/pisosjanin.com\/index.php\/wp-json\/wp\/v2\/types\/product"}],"wp:featuredmedia":[{"embeddable":true,"href":"https:\/\/pisosjanin.com\/index.php\/wp-json\/wp\/v2\/media\/685"}],"wp:attachment":[{"href":"https:\/\/pisosjanin.com\/index.php\/wp-json\/wp\/v2\/media?parent=678"}],"wp:term":[{"taxonomy":"product_brand","embeddable":true,"href":"https:\/\/pisosjanin.com\/index.php\/wp-json\/wp\/v2\/product_brand?post=678"},{"taxonomy":"product_cat","embeddable":true,"href":"https:\/\/pisosjanin.com\/index.php\/wp-json\/wp\/v2\/product_cat?post=678"},{"taxonomy":"product_tag","embeddable":true,"href":"https:\/\/pisosjanin.com\/index.php\/wp-json\/wp\/v2\/product_tag?post=678"}],"curies":[{"name":"wp","href":"https:\/\/api.w.org\/{rel}","templated":true}]}}